{"id":1108,"date":"2021-03-16T02:28:42","date_gmt":"2021-03-16T01:28:42","guid":{"rendered":"http:\/\/localhost\/wordpress562\/?page_id=1108"},"modified":"2025-01-23T00:02:57","modified_gmt":"2025-01-22T23:02:57","slug":"termine","status":"publish","type":"page","link":"https:\/\/kurd-akad.com\/?page_id=1108","title":{"rendered":"Termine"},"content":{"rendered":"<div class=\"wp-block-calendar\"><table id=\"wp-calendar\" class=\"wp-calendar-table\">\n\t<caption>April 2026<\/caption>\n\t<thead>\n\t<tr>\n\t\t<th scope=\"col\" aria-label=\"Montag\">M<\/th>\n\t\t<th scope=\"col\" aria-label=\"Dienstag\">D<\/th>\n\t\t<th scope=\"col\" aria-label=\"Mittwoch\">M<\/th>\n\t\t<th scope=\"col\" aria-label=\"Donnerstag\">D<\/th>\n\t\t<th scope=\"col\" aria-label=\"Freitag\">F<\/th>\n\t\t<th scope=\"col\" aria-label=\"Samstag\">S<\/th>\n\t\t<th scope=\"col\" aria-label=\"Sonntag\">S<\/th>\n\t<\/tr>\n\t<\/thead>\n\t<tbody>\n\t<tr>\n\t\t<td colspan=\"2\" class=\"pad\">&nbsp;<\/td><td>1<\/td><td>2<\/td><td>3<\/td><td>4<\/td><td>5<\/td>\n\t<\/tr>\n\t<tr>\n\t\t<td>6<\/td><td>7<\/td><td>8<\/td><td><a href=\"https:\/\/kurd-akad.com\/?m=20260409\" aria-label=\"Beitr\u00e4ge ver\u00f6ffentlicht am 9. April 2026\">9<\/a><\/td><td>10<\/td><td>11<\/td><td>12<\/td>\n\t<\/tr>\n\t<tr>\n\t\t<td>13<\/td><td>14<\/td><td>15<\/td><td>16<\/td><td>17<\/td><td>18<\/td><td>19<\/td>\n\t<\/tr>\n\t<tr>\n\t\t<td id=\"today\">20<\/td><td>21<\/td><td>22<\/td><td>23<\/td><td>24<\/td><td>25<\/td><td>26<\/td>\n\t<\/tr>\n\t<tr>\n\t\t<td>27<\/td><td>28<\/td><td>29<\/td><td>30<\/td>\n\t\t<td class=\"pad\" colspan=\"3\">&nbsp;<\/td>\n\t<\/tr>\n\t<\/tbody>\n\t<\/table><nav aria-label=\"Vorherige und n\u00e4chste Monate\" class=\"wp-calendar-nav\">\n\t\t<span class=\"wp-calendar-nav-prev\"><a href=\"https:\/\/kurd-akad.com\/?m=202603\">&laquo; M\u00e4rz<\/a><\/span>\n\t\t<span class=\"pad\">&nbsp;<\/span>\n\t\t<span class=\"wp-calendar-nav-next\">&nbsp;<\/span>\n\t<\/nav><\/div>\n\n<ul class=\"wp-block-latest-posts__list wp-block-latest-posts\"><li><a class=\"wp-block-latest-posts__post-title\" href=\"https:\/\/kurd-akad.com\/?p=3925\">Newsletter Q1-2026<\/a><\/li>\n<li><a class=\"wp-block-latest-posts__post-title\" href=\"https:\/\/kurd-akad.com\/?p=3923\">Newsletter Q1-2026<\/a><\/li>\n<li><a class=\"wp-block-latest-posts__post-title\" href=\"https:\/\/kurd-akad.com\/?p=3921\">Newsletter Q1-2026<\/a><\/li>\n<li><a class=\"wp-block-latest-posts__post-title\" href=\"https:\/\/kurd-akad.com\/?p=3912\">Anatomiya a\u015ftiye &#8211; Tendurist\u00ee weke ferza stratej\u00eek<\/a><\/li>\n<li><a class=\"wp-block-latest-posts__post-title\" href=\"https:\/\/kurd-akad.com\/?p=3914\">The Anatomy of Peace &#8211; Health as a Strategic Imperativ<\/a><\/li>\n<\/ul>","protected":false},"excerpt":{"rendered":"","protected":false},"author":1,"featured_media":0,"parent":0,"menu_order":0,"comment_status":"closed","ping_status":"closed","template":"","meta":{"footnotes":""},"class_list":{"1":"page","2":"type-page","3":"status-publish","4":"hentry"},"_links":{"self":[{"href":"https:\/\/kurd-akad.com\/index.php?rest_route=\/wp\/v2\/pages\/1108","targetHints":{"allow":["GET"]}}],"collection":[{"href":"https:\/\/kurd-akad.com\/index.php?rest_route=\/wp\/v2\/pages"}],"about":[{"href":"https:\/\/kurd-akad.com\/index.php?rest_route=\/wp\/v2\/types\/page"}],"author":[{"embeddable":true,"href":"https:\/\/kurd-akad.com\/index.php?rest_route=\/wp\/v2\/users\/1"}],"replies":[{"embeddable":true,"href":"https:\/\/kurd-akad.com\/index.php?rest_route=%2Fwp%2Fv2%2Fcomments&post=1108"}],"version-history":[{"count":2,"href":"https:\/\/kurd-akad.com\/index.php?rest_route=\/wp\/v2\/pages\/1108\/revisions"}],"predecessor-version":[{"id":3653,"href":"https:\/\/kurd-akad.com\/index.php?rest_route=\/wp\/v2\/pages\/1108\/revisions\/3653"}],"wp:attachment":[{"href":"https:\/\/kurd-akad.com\/index.php?rest_route=%2Fwp%2Fv2%2Fmedia&parent=1108"}],"curies":[{"name":"wp","href":"https:\/\/api.w.org\/{rel}","templated":true}]}}