{"id":1539,"date":"2021-03-13T20:46:01","date_gmt":"2021-03-13T19:46:01","guid":{"rendered":"http:\/\/kurd-akad.com\/?page_id=1539"},"modified":"2022-01-09T23:40:55","modified_gmt":"2022-01-09T22:40:55","slug":"networking","status":"publish","type":"page","link":"https:\/\/kurd-akad.com\/?page_id=1539","title":{"rendered":"Networking"},"content":{"rendered":"\n<h4 class=\"wp-block-heading\">Networking<\/h4>\n\n\n\n<p><strong>Kooperationspartner<\/strong><\/p>\n\n\n\n<p><strong>Unsere bisherigen Kooperationspartner:<\/strong><\/p>\n\n\n\n<ul class=\"wp-block-list\"><li>Stiftung Erinnerung, Verantwortung und Zukunft<\/li><\/ul>\n\n\n\n<figure class=\"wp-block-image size-large\"><img loading=\"lazy\" decoding=\"async\" width=\"300\" height=\"63\" src=\"https:\/\/kurd-akad.com\/wp-content\/uploads\/2021\/03\/evz_logo.png\" alt=\"\" class=\"wp-image-1489\"\/><\/figure>\n\n\n\n<ul class=\"wp-block-list\"><li>Heinrich B\u00f6ll Stiftung Hessen<\/li><\/ul>\n\n\n\n<figure class=\"wp-block-image size-large is-resized\"><img loading=\"lazy\" decoding=\"async\" src=\"https:\/\/kurd-akad.com\/wp-content\/uploads\/2021\/03\/HBS-Hessen.png\" alt=\"\" class=\"wp-image-1491\" width=\"356\" height=\"403\" srcset=\"https:\/\/kurd-akad.com\/wp-content\/uploads\/2021\/03\/HBS-Hessen.png 506w, https:\/\/kurd-akad.com\/wp-content\/uploads\/2021\/03\/HBS-Hessen-265x300.png 265w\" sizes=\"auto, (max-width: 356px) 100vw, 356px\" \/><\/figure>\n\n\n\n<ul class=\"wp-block-list\"><li>Sebastian-Cobler-Stiftung<\/li><\/ul>\n\n\n\n<figure class=\"wp-block-image size-large is-resized\"><img loading=\"lazy\" decoding=\"async\" src=\"https:\/\/kurd-akad.com\/wp-content\/uploads\/2021\/03\/sebastlogo.jpg\" alt=\"\" class=\"wp-image-1495\" width=\"320\" height=\"123\"\/><\/figure>\n\n\n\n<ul class=\"wp-block-list\"><li>Rosa-Luxemburg-Stiftung<\/li><\/ul>\n\n\n\n<figure class=\"wp-block-image size-large is-resized\"><img loading=\"lazy\" decoding=\"async\" src=\"https:\/\/kurd-akad.com\/wp-content\/uploads\/2021\/03\/RLS_Export-Logo_de.jpg\" alt=\"\" class=\"wp-image-1497\" width=\"321\" height=\"227\" srcset=\"https:\/\/kurd-akad.com\/wp-content\/uploads\/2021\/03\/RLS_Export-Logo_de.jpg 346w, https:\/\/kurd-akad.com\/wp-content\/uploads\/2021\/03\/RLS_Export-Logo_de-300x212.jpg 300w\" sizes=\"auto, (max-width: 321px) 100vw, 321px\" \/><\/figure>\n\n\n\n<ul class=\"wp-block-list\"><li>Umverteilen! Stiftung f\u00fcr eine, solidarische Welt&nbsp;<\/li><\/ul>\n\n\n\n<figure class=\"wp-block-image size-large\"><img loading=\"lazy\" decoding=\"async\" width=\"230\" height=\"117\" src=\"https:\/\/kurd-akad.com\/wp-content\/uploads\/2021\/03\/logo_umverteilen.gif\" alt=\"\" class=\"wp-image-1500\"\/><\/figure>\n\n\n\n<ul class=\"wp-block-list\"><li>Universit\u00e4t Duisburg Essen<\/li><\/ul>\n\n\n\n<figure class=\"wp-block-image size-large is-resized\"><img loading=\"lazy\" decoding=\"async\" src=\"https:\/\/kurd-akad.com\/wp-content\/uploads\/2021\/03\/uniduessen.jpg\" alt=\"\" class=\"wp-image-1502\" width=\"377\" height=\"172\" srcset=\"https:\/\/kurd-akad.com\/wp-content\/uploads\/2021\/03\/uniduessen.jpg 550w, https:\/\/kurd-akad.com\/wp-content\/uploads\/2021\/03\/uniduessen-300x137.jpg 300w\" sizes=\"auto, (max-width: 377px) 100vw, 377px\" \/><\/figure>\n\n\n\n<ul class=\"wp-block-list\"><li>Deutscher Gewerkschaftsbund Dortmund-Hellweg<\/li><\/ul>\n\n\n\n<figure class=\"wp-block-image size-large\"><img loading=\"lazy\" decoding=\"async\" width=\"112\" height=\"75\" src=\"https:\/\/kurd-akad.com\/wp-content\/uploads\/2021\/03\/logo-no-shadow.png\" alt=\"\" class=\"wp-image-1504\"\/><\/figure>\n\n\n\n<ul class=\"wp-block-list\"><li>Volkshochschule K\u00f6ln<\/li><\/ul>\n\n\n\n<figure class=\"wp-block-image size-large is-resized\"><img loading=\"lazy\" decoding=\"async\" src=\"https:\/\/kurd-akad.com\/wp-content\/uploads\/2021\/03\/vhskoln.jpg\" alt=\"\" class=\"wp-image-1506\" width=\"378\" height=\"260\" srcset=\"https:\/\/kurd-akad.com\/wp-content\/uploads\/2021\/03\/vhskoln.jpg 407w, https:\/\/kurd-akad.com\/wp-content\/uploads\/2021\/03\/vhskoln-300x206.jpg 300w\" sizes=\"auto, (max-width: 378px) 100vw, 378px\" \/><\/figure>\n\n\n\n<ul class=\"wp-block-list\"><li>Volkshochschule Dortmund<\/li><\/ul>\n\n\n\n<figure class=\"wp-block-image size-large is-resized\"><img loading=\"lazy\" decoding=\"async\" src=\"https:\/\/kurd-akad.com\/wp-content\/uploads\/2021\/03\/logo.png\" alt=\"\" class=\"wp-image-1511\" width=\"400\" height=\"68\" srcset=\"https:\/\/kurd-akad.com\/wp-content\/uploads\/2021\/03\/logo.png 597w, https:\/\/kurd-akad.com\/wp-content\/uploads\/2021\/03\/logo-300x51.png 300w\" sizes=\"auto, (max-width: 400px) 100vw, 400px\" \/><\/figure>\n\n\n\n<ul class=\"wp-block-list\"><li>Auslandsgesellschaft NRW<\/li><\/ul>\n\n\n\n<figure class=\"wp-block-image size-large is-resized\"><img loading=\"lazy\" decoding=\"async\" src=\"https:\/\/kurd-akad.com\/wp-content\/uploads\/2021\/03\/auslandsgesellschaft-1-1024x350.jpg\" alt=\"\" class=\"wp-image-1513\" width=\"428\" height=\"146\" srcset=\"https:\/\/kurd-akad.com\/wp-content\/uploads\/2021\/03\/auslandsgesellschaft-1-1024x350.jpg 1024w, https:\/\/kurd-akad.com\/wp-content\/uploads\/2021\/03\/auslandsgesellschaft-1-300x102.jpg 300w, https:\/\/kurd-akad.com\/wp-content\/uploads\/2021\/03\/auslandsgesellschaft-1-768x262.jpg 768w, https:\/\/kurd-akad.com\/wp-content\/uploads\/2021\/03\/auslandsgesellschaft-1.jpg 1063w\" sizes=\"auto, (max-width: 428px) 100vw, 428px\" \/><\/figure>\n\n\n\n<ul class=\"wp-block-list\"><li>Civaka Azad \u2013 Kurdisches&nbsp;Zentrum f\u00fcr \u00d6ffentlichkeitsarbeit e.V.<\/li><\/ul>\n\n\n\n<figure class=\"wp-block-image size-large is-resized\"><img loading=\"lazy\" decoding=\"async\" src=\"https:\/\/kurd-akad.com\/wp-content\/uploads\/2021\/03\/logo1-1024x361.jpg\" alt=\"\" class=\"wp-image-1516\" width=\"452\" height=\"159\" srcset=\"https:\/\/kurd-akad.com\/wp-content\/uploads\/2021\/03\/logo1-1024x361.jpg 1024w, https:\/\/kurd-akad.com\/wp-content\/uploads\/2021\/03\/logo1-300x106.jpg 300w, https:\/\/kurd-akad.com\/wp-content\/uploads\/2021\/03\/logo1-768x271.jpg 768w, https:\/\/kurd-akad.com\/wp-content\/uploads\/2021\/03\/logo1-1536x542.jpg 1536w, https:\/\/kurd-akad.com\/wp-content\/uploads\/2021\/03\/logo1.jpg 1600w\" sizes=\"auto, (max-width: 452px) 100vw, 452px\" \/><\/figure>\n\n\n\n<ul class=\"wp-block-list\"><li>Verband der Studierenden aus Kurdistan e.V.<\/li><\/ul>\n\n\n\n<figure class=\"wp-block-image size-large\"><img loading=\"lazy\" decoding=\"async\" width=\"200\" height=\"196\" src=\"https:\/\/kurd-akad.com\/wp-content\/uploads\/2021\/03\/yxk.jpeg\" alt=\"\" class=\"wp-image-1519\"\/><\/figure>\n\n\n\n<ul class=\"wp-block-list\"><li>Kinderhilfe Mesopotamien e.V.<\/li><\/ul>\n\n\n\n<figure class=\"wp-block-image size-large\"><img loading=\"lazy\" decoding=\"async\" width=\"156\" height=\"237\" src=\"https:\/\/kurd-akad.com\/wp-content\/uploads\/2021\/03\/kinderhilfe.jpg\" alt=\"\" class=\"wp-image-1521\"\/><\/figure>\n\n\n\n<ul class=\"wp-block-list\"><li>HDP Europe<\/li><\/ul>\n\n\n\n<figure class=\"wp-block-image size-large is-resized\"><img loading=\"lazy\" decoding=\"async\" src=\"https:\/\/kurd-akad.com\/wp-content\/uploads\/2021\/03\/HDP-EU-Logo-1-1024x1024.jpg\" alt=\"\" class=\"wp-image-1526\" width=\"290\" height=\"290\" srcset=\"https:\/\/kurd-akad.com\/wp-content\/uploads\/2021\/03\/HDP-EU-Logo-1-1024x1024.jpg 1024w, https:\/\/kurd-akad.com\/wp-content\/uploads\/2021\/03\/HDP-EU-Logo-1-300x300.jpg 300w, https:\/\/kurd-akad.com\/wp-content\/uploads\/2021\/03\/HDP-EU-Logo-1-150x150.jpg 150w, https:\/\/kurd-akad.com\/wp-content\/uploads\/2021\/03\/HDP-EU-Logo-1-768x768.jpg 768w, https:\/\/kurd-akad.com\/wp-content\/uploads\/2021\/03\/HDP-EU-Logo-1-1536x1536.jpg 1536w, https:\/\/kurd-akad.com\/wp-content\/uploads\/2021\/03\/HDP-EU-Logo-1-2048x2048.jpg 2048w, https:\/\/kurd-akad.com\/wp-content\/uploads\/2021\/03\/HDP-EU-Logo-1-scaled.jpg 1600w\" sizes=\"auto, (max-width: 290px) 100vw, 290px\" \/><\/figure>\n\n\n\n<ul class=\"wp-block-list\"><li>T\u00dcDAY Menschenrechtsverein T\u00fcrkei \/ Deutschland e.V.<\/li><\/ul>\n\n\n\n<figure class=\"wp-block-image size-large\"><img loading=\"lazy\" decoding=\"async\" width=\"271\" height=\"131\" src=\"https:\/\/kurd-akad.com\/wp-content\/uploads\/2021\/03\/tdayLogo.jpg\" alt=\"\" class=\"wp-image-1529\"\/><\/figure>\n\n\n\n<ul class=\"wp-block-list\"><li>Ludwig-Maximilians-Universit\u00e4t M\u00fcnchen<\/li><\/ul>\n\n\n\n<figure class=\"wp-block-image is-resized\"><img loading=\"lazy\" decoding=\"async\" src=\"http:\/\/localhost\/KAWebtest\/images\/lmu_logo.png\" alt=\"\" width=\"377\" height=\"179\"\/><\/figure>\n\n\n\n<ul class=\"wp-block-list\"><li>Mari-Jahoda Center for International Gender Studies \u2013 Ruhr Universit\u00e4t Bochum<\/li><\/ul>\n\n\n\n<figure class=\"wp-block-image is-resized\"><img loading=\"lazy\" decoding=\"async\" src=\"http:\/\/localhost\/KAWebtest\/images\/Maja.png\" alt=\"\" width=\"377\" height=\"112\"\/><\/figure>\n\n\n\n<figure class=\"wp-block-image is-resized\"><img loading=\"lazy\" decoding=\"async\" src=\"http:\/\/localhost\/KAWebtest\/images\/RUB.png\" alt=\"\" width=\"379\" height=\"194\"\/><\/figure>\n\n\n\n<ul class=\"wp-block-list\"><li>IUBH DORTMUND<\/li><\/ul>\n\n\n\n<figure class=\"wp-block-image is-resized\"><img loading=\"lazy\" decoding=\"async\" src=\"http:\/\/localhost\/KAWebtest\/images\/Logo_IUBH.jpg\" alt=\"\" width=\"449\" height=\"159\"\/><\/figure>\n\n\n\n<ul class=\"wp-block-list\"><li>Hochschule Emden-Leer<\/li><\/ul>\n\n\n\n<figure class=\"wp-block-image is-resized\"><img loading=\"lazy\" decoding=\"async\" src=\"http:\/\/localhost\/KAWebtest\/images\/HS-Emden-Leer.png\" alt=\"HS Emden Leer\" width=\"386\" height=\"257\"\/><\/figure>\n\n\n\n<p> <strong>> EUTCC <br>> Rautenstrauch Joest Museum K\u00f6ln <\/strong><br><strong>> S&amp;D <br>> GUE\/NGL <br>> Greens\/EFA <\/strong> <\/p>\n","protected":false},"excerpt":{"rendered":"<p>Networking Kooperationspartner Unsere bisherigen Kooperationspartner: Stiftung Erinnerung, Verantwortung und Zukunft Heinrich B\u00f6ll Stiftung Hessen Sebastian-Cobler-Stiftung Rosa-Luxemburg-Stiftung Umverteilen! Stiftung f\u00fcr eine, solidarische Welt&nbsp; Universit\u00e4t Duisburg Essen Deutscher Gewerkschaftsbund Dortmund-Hellweg Volkshochschule K\u00f6ln<\/p>\n","protected":false},"author":1,"featured_media":0,"parent":0,"menu_order":0,"comment_status":"closed","ping_status":"closed","template":"","meta":{"footnotes":""},"class_list":{"1":"page","2":"type-page","3":"status-publish","4":"hentry"},"_links":{"self":[{"href":"https:\/\/kurd-akad.com\/index.php?rest_route=\/wp\/v2\/pages\/1539","targetHints":{"allow":["GET"]}}],"collection":[{"href":"https:\/\/kurd-akad.com\/index.php?rest_route=\/wp\/v2\/pages"}],"about":[{"href":"https:\/\/kurd-akad.com\/index.php?rest_route=\/wp\/v2\/types\/page"}],"author":[{"embeddable":true,"href":"https:\/\/kurd-akad.com\/index.php?rest_route=\/wp\/v2\/users\/1"}],"replies":[{"embeddable":true,"href":"https:\/\/kurd-akad.com\/index.php?rest_route=%2Fwp%2Fv2%2Fcomments&post=1539"}],"version-history":[{"count":0,"href":"https:\/\/kurd-akad.com\/index.php?rest_route=\/wp\/v2\/pages\/1539\/revisions"}],"wp:attachment":[{"href":"https:\/\/kurd-akad.com\/index.php?rest_route=%2Fwp%2Fv2%2Fmedia&parent=1539"}],"curies":[{"name":"wp","href":"https:\/\/api.w.org\/{rel}","templated":true}]}}