{"id":1561,"date":"2021-03-13T14:16:57","date_gmt":"2021-03-13T13:16:57","guid":{"rendered":"http:\/\/kurd-akad.com\/?page_id=1561"},"modified":"2022-01-09T23:31:41","modified_gmt":"2022-01-09T22:31:41","slug":"publikationen-3","status":"publish","type":"page","link":"https:\/\/kurd-akad.com\/?page_id=1561","title":{"rendered":"Publications"},"content":{"rendered":"\n<p class=\"has-text-align-center\"><strong>GERD\u00dbN<\/strong><\/p>\n\n\n\n<p class=\"has-text-align-center\"><\/p>\n\n\n\n<div class=\"wp-block-image\"><figure class=\"aligncenter size-large\"><a href=\"https:\/\/kurd-akad.com\/wp-content\/uploads\/2021\/03\/gerdun-1.jpg\"><img loading=\"lazy\" decoding=\"async\" width=\"180\" height=\"252\" src=\"https:\/\/kurd-akad.com\/wp-content\/uploads\/2021\/03\/gerdun-1.jpg\" alt=\"\" class=\"wp-image-1543\"\/><\/a><\/figure><\/div>\n\n\n\n<p><\/p>\n\n\n\n<p class=\"has-text-align-center\"><strong>DOKUMENTATIONEN<\/strong><\/p>\n\n\n\n<p class=\"has-text-align-center\"><strong>Fachtagung: <\/strong>\u201eSchafft die Republik sich ab oder erfindet sie sich neu?&nbsp;<br>Perspektiven f\u00fcr die T\u00fcrkei zwischen Regional- und Pr\u00e4sidialsystem\u201c \/ Essen 2017<\/p>\n\n\n\n<div class=\"wp-block-image\"><figure class=\"aligncenter size-large\"><img loading=\"lazy\" decoding=\"async\" width=\"283\" height=\"400\" src=\"https:\/\/kurd-akad.com\/wp-content\/uploads\/2021\/03\/ft17-klein.jpg\" alt=\"\" class=\"wp-image-1545\" srcset=\"https:\/\/kurd-akad.com\/wp-content\/uploads\/2021\/03\/ft17-klein.jpg 283w, https:\/\/kurd-akad.com\/wp-content\/uploads\/2021\/03\/ft17-klein-212x300.jpg 212w\" sizes=\"auto, (max-width: 283px) 100vw, 283px\" \/><\/figure><\/div>\n\n\n\n<p class=\"has-text-align-center\"><strong>Fachtagung:<\/strong><\/p>\n\n\n\n<p class=\"has-text-align-center\">\u201eDie (Un-)Ordnung im Mittleren Osten und die kurdische Frage\u201c \/ Essen 2016<\/p>\n\n\n\n<div class=\"wp-block-image is-style-default\"><figure class=\"aligncenter size-large is-resized\"><img loading=\"lazy\" decoding=\"async\" src=\"https:\/\/kurd-akad.com\/wp-content\/uploads\/2021\/03\/ftdoku2016-1.jpg\" alt=\"\" class=\"wp-image-1548\" width=\"249\" height=\"348\" srcset=\"https:\/\/kurd-akad.com\/wp-content\/uploads\/2021\/03\/ftdoku2016-1.jpg 227w, https:\/\/kurd-akad.com\/wp-content\/uploads\/2021\/03\/ftdoku2016-1-215x300.jpg 215w\" sizes=\"auto, (max-width: 249px) 100vw, 249px\" \/><\/figure><\/div>\n\n\n\n<p class=\"has-text-align-center\"><strong>Konferenz:<\/strong> \u201eFlucht und Asyl: globale Hintergr\u00fcnde \u2013 lokale und globale Herausforderungen\u201c&nbsp; \/ Frankfurt a.M. 2016<\/p>\n\n\n\n<p><\/p>\n\n\n\n<div class=\"wp-block-image\"><figure class=\"aligncenter size-large\"><img loading=\"lazy\" decoding=\"async\" width=\"276\" height=\"389\" src=\"https:\/\/kurd-akad.com\/wp-content\/uploads\/2021\/03\/fra16-kl.jpg\" alt=\"\" class=\"wp-image-1550\" srcset=\"https:\/\/kurd-akad.com\/wp-content\/uploads\/2021\/03\/fra16-kl.jpg 276w, https:\/\/kurd-akad.com\/wp-content\/uploads\/2021\/03\/fra16-kl-213x300.jpg 213w\" sizes=\"auto, (max-width: 276px) 100vw, 276px\" \/><\/figure><\/div>\n\n\n\n<p><\/p>\n\n\n\n<p class=\"has-text-align-center\"><strong>Fachtagung:<\/strong> \u201eGenozide im Nahen Osten und Wege zur Auss\u00f6hnung \u2013 Regionale Autonomie als Modell f\u00fcr Demokratie und Frieden\u201c \/ Dortmund 2015<\/p>\n\n\n\n<div class=\"wp-block-image\"><figure class=\"aligncenter size-large\"><img loading=\"lazy\" decoding=\"async\" width=\"284\" height=\"397\" src=\"https:\/\/kurd-akad.com\/wp-content\/uploads\/2021\/03\/doku2015coverkl.jpg\" alt=\"\" class=\"wp-image-1552\" srcset=\"https:\/\/kurd-akad.com\/wp-content\/uploads\/2021\/03\/doku2015coverkl.jpg 284w, https:\/\/kurd-akad.com\/wp-content\/uploads\/2021\/03\/doku2015coverkl-215x300.jpg 215w\" sizes=\"auto, (max-width: 284px) 100vw, 284px\" \/><\/figure><\/div>\n\n\n\n<p><\/p>\n\n\n\n<p class=\"has-text-align-center\"><strong>Fachtagung:<\/strong> \u201eDer Weg zum Frieden in Kurdistan\u201c in Dortmund 2014<\/p>\n\n\n\n<div class=\"wp-block-image\"><figure class=\"aligncenter size-large is-resized\"><img loading=\"lazy\" decoding=\"async\" src=\"https:\/\/kurd-akad.com\/wp-content\/uploads\/2021\/03\/ft2014cover-2.jpg\" alt=\"\" class=\"wp-image-1562\" width=\"296\" height=\"425\" srcset=\"https:\/\/kurd-akad.com\/wp-content\/uploads\/2021\/03\/ft2014cover-2.jpg 602w, https:\/\/kurd-akad.com\/wp-content\/uploads\/2021\/03\/ft2014cover-2-209x300.jpg 209w\" sizes=\"auto, (max-width: 296px) 100vw, 296px\" \/><\/figure><\/div>\n\n\n\n<p><\/p>\n\n\n\n<p class=\"has-text-align-center\"><strong>Expertenkonferenz:<\/strong> \u201eEin neuer Akteur im Nahen Osten: Die Kurden \u2013 Vom Instabilit\u00e4ts- zum Demokratisierungsfaktor?\u201c \/ Berlin 2015<\/p>\n\n\n\n<div class=\"wp-block-image\"><figure class=\"aligncenter size-large\"><img loading=\"lazy\" decoding=\"async\" width=\"294\" height=\"408\" src=\"https:\/\/kurd-akad.com\/wp-content\/uploads\/2021\/03\/ekb.jpg\" alt=\"\" class=\"wp-image-1556\" srcset=\"https:\/\/kurd-akad.com\/wp-content\/uploads\/2021\/03\/ekb.jpg 294w, https:\/\/kurd-akad.com\/wp-content\/uploads\/2021\/03\/ekb-216x300.jpg 216w\" sizes=\"auto, (max-width: 294px) 100vw, 294px\" \/><\/figure><\/div>\n\n\n\n<p class=\"has-text-align-center\"><strong>Fachtagung:<\/strong> \u201eDie \u201aneue\u2018 T\u00fcrkei und ihre Herausforderer\u201c \/ 19.01.2019 \/ K\u00f6ln<\/p>\n\n\n\n<div class=\"wp-block-image\"><figure class=\"aligncenter size-large\"><img loading=\"lazy\" decoding=\"async\" width=\"265\" height=\"376\" src=\"https:\/\/kurd-akad.com\/wp-content\/uploads\/2021\/03\/Doku-FT2019.jpg\" alt=\"\" class=\"wp-image-1559\" srcset=\"https:\/\/kurd-akad.com\/wp-content\/uploads\/2021\/03\/Doku-FT2019.jpg 265w, https:\/\/kurd-akad.com\/wp-content\/uploads\/2021\/03\/Doku-FT2019-211x300.jpg 211w\" sizes=\"auto, (max-width: 265px) 100vw, 265px\" \/><\/figure><\/div>\n","protected":false},"excerpt":{"rendered":"<p>GERD\u00dbN DOKUMENTATIONEN Fachtagung: \u201eSchafft die Republik sich ab oder erfindet sie sich neu?&nbsp;Perspektiven f\u00fcr die T\u00fcrkei zwischen Regional- und Pr\u00e4sidialsystem\u201c \/ Essen 2017 Fachtagung: \u201eDie (Un-)Ordnung im Mittleren Osten und<\/p>\n","protected":false},"author":1,"featured_media":0,"parent":0,"menu_order":0,"comment_status":"closed","ping_status":"closed","template":"","meta":{"footnotes":""},"class_list":{"1":"page","2":"type-page","3":"status-publish","4":"hentry"},"_links":{"self":[{"href":"https:\/\/kurd-akad.com\/index.php?rest_route=\/wp\/v2\/pages\/1561","targetHints":{"allow":["GET"]}}],"collection":[{"href":"https:\/\/kurd-akad.com\/index.php?rest_route=\/wp\/v2\/pages"}],"about":[{"href":"https:\/\/kurd-akad.com\/index.php?rest_route=\/wp\/v2\/types\/page"}],"author":[{"embeddable":true,"href":"https:\/\/kurd-akad.com\/index.php?rest_route=\/wp\/v2\/users\/1"}],"replies":[{"embeddable":true,"href":"https:\/\/kurd-akad.com\/index.php?rest_route=%2Fwp%2Fv2%2Fcomments&post=1561"}],"version-history":[{"count":0,"href":"https:\/\/kurd-akad.com\/index.php?rest_route=\/wp\/v2\/pages\/1561\/revisions"}],"wp:attachment":[{"href":"https:\/\/kurd-akad.com\/index.php?rest_route=%2Fwp%2Fv2%2Fmedia&parent=1561"}],"curies":[{"name":"wp","href":"https:\/\/api.w.org\/{rel}","templated":true}]}}