{"id":344,"date":"2021-03-02T22:38:39","date_gmt":"2021-03-02T21:38:39","guid":{"rendered":"http:\/\/localhost\/wordpress562\/?page_id=344"},"modified":"2022-01-09T23:52:50","modified_gmt":"2022-01-09T22:52:50","slug":"weiterbildung","status":"publish","type":"page","link":"https:\/\/kurd-akad.com\/?page_id=344","title":{"rendered":"Weiterbildung"},"content":{"rendered":"\n<h4 class=\"wp-block-heading\">Soft Skills Seminare<\/h4>\n\n\n\n<p><br><strong>Soft Skills in Haupt- und Ehrenamt<\/strong><br><br>Sowohl in der Arbeitswelt, als auch im Bereich des ehrenamtlichen Engagements steigen die Leistungsanforderungen zunehmend. Die Erwartungen gehen \u00fcber eine hohe allgemeine berufsbezogene Fachkompetenz hinaus. Einen immer umfassendere Aus- und Weiterbildung ist gefordert.<br><br>Fachkenntnisse in Kombination mit sozialen, kommunikativen und methodischen Kompetenzen sind die entscheidenden Bausteine f\u00fcr Erfolg in Beruf und Ehrenamt. Ihre B\u00fcndelung macht Zusammenarbeit effizienter und auf diese Weise den Verein bzw. das Unternehmen erfolgreicher.<br><br>Unserer Leitlinie gem\u00e4\u00df, die vielf\u00e4ltigen Professionen und Kompetenzen der AkademikerInnen zu b\u00fcndeln, sehen wir uns in der Verantwortung, diese zu st\u00e4rken und die Qualifikationen zu erh\u00f6hen.<br><br>Mittlerweile sind die sog. Soft Skills unentbehrlich f\u00fcr ein klares, kompetentes und \u00fcberzeugendes Auftreten in Haupt- und Ehrenamt.<br><br>Um die individuellen Potentiale gezielt zu f\u00f6rdern, wollen wir auch in dieser Arbeitsperiode entsprechende Seminare anbieten.<\/p>\n\n\n\n<figure class=\"wp-block-image size-large is-resized\"><img loading=\"lazy\" decoding=\"async\" src=\"https:\/\/kurd-akad.com\/wp-content\/uploads\/2021\/03\/softskill19-3.jpg\" alt=\"\" class=\"wp-image-1615\" width=\"261\" height=\"553\" srcset=\"https:\/\/kurd-akad.com\/wp-content\/uploads\/2021\/03\/softskill19-3.jpg 378w, https:\/\/kurd-akad.com\/wp-content\/uploads\/2021\/03\/softskill19-3-142x300.jpg 142w\" sizes=\"auto, (max-width: 261px) 100vw, 261px\" \/><\/figure>\n\n\n\n<figure class=\"wp-block-image size-large is-resized\"><img loading=\"lazy\" decoding=\"async\" src=\"https:\/\/kurd-akad.com\/wp-content\/uploads\/2021\/03\/softskill-2018-2.jpg\" alt=\"\" class=\"wp-image-1616\" width=\"261\" height=\"553\" srcset=\"https:\/\/kurd-akad.com\/wp-content\/uploads\/2021\/03\/softskill-2018-2.jpg 227w, https:\/\/kurd-akad.com\/wp-content\/uploads\/2021\/03\/softskill-2018-2-142x300.jpg 142w\" sizes=\"auto, (max-width: 261px) 100vw, 261px\" \/><\/figure>\n\n\n\n<figure class=\"wp-block-image size-large is-resized is-style-default\"><img loading=\"lazy\" decoding=\"async\" src=\"https:\/\/kurd-akad.com\/wp-content\/uploads\/2021\/03\/softskill-4.jpg\" alt=\"\" class=\"wp-image-1619\" width=\"261\" height=\"366\"\/><\/figure>\n\n\n\n<p>Flyer der Soft Skills Seminare 2021:<\/p>\n\n\n\n<p>>Projektarbeit<\/p>\n\n\n\n<p>>Pressearbeit<\/p>\n\n\n\n<p>> Layout<\/p>\n\n\n\n<p>>Soziale Medien<\/p>\n","protected":false},"excerpt":{"rendered":"<p>Soft Skills Seminare Soft Skills in Haupt- und Ehrenamt Sowohl in der Arbeitswelt, als auch im Bereich des ehrenamtlichen Engagements steigen die Leistungsanforderungen zunehmend. Die Erwartungen gehen \u00fcber eine hohe<\/p>\n","protected":false},"author":1,"featured_media":0,"parent":0,"menu_order":0,"comment_status":"closed","ping_status":"closed","template":"","meta":{"footnotes":""},"class_list":{"1":"page","2":"type-page","3":"status-publish","4":"hentry"},"_links":{"self":[{"href":"https:\/\/kurd-akad.com\/index.php?rest_route=\/wp\/v2\/pages\/344","targetHints":{"allow":["GET"]}}],"collection":[{"href":"https:\/\/kurd-akad.com\/index.php?rest_route=\/wp\/v2\/pages"}],"about":[{"href":"https:\/\/kurd-akad.com\/index.php?rest_route=\/wp\/v2\/types\/page"}],"author":[{"embeddable":true,"href":"https:\/\/kurd-akad.com\/index.php?rest_route=\/wp\/v2\/users\/1"}],"replies":[{"embeddable":true,"href":"https:\/\/kurd-akad.com\/index.php?rest_route=%2Fwp%2Fv2%2Fcomments&post=344"}],"version-history":[{"count":0,"href":"https:\/\/kurd-akad.com\/index.php?rest_route=\/wp\/v2\/pages\/344\/revisions"}],"wp:attachment":[{"href":"https:\/\/kurd-akad.com\/index.php?rest_route=%2Fwp%2Fv2%2Fmedia&parent=344"}],"curies":[{"name":"wp","href":"https:\/\/api.w.org\/{rel}","templated":true}]}}