{"id":3871,"date":"2022-01-09T23:25:10","date_gmt":"2022-01-09T22:25:10","guid":{"rendered":"https:\/\/kurd-akad.com\/?page_id=3871"},"modified":"2026-02-23T22:33:05","modified_gmt":"2026-02-23T21:33:05","slug":"honorary-prize","status":"publish","type":"page","link":"https:\/\/kurd-akad.com\/?page_id=3871","title":{"rendered":"Honorary Prize"},"content":{"rendered":"\n<p><strong>Since 2017, the network of Kurdish academics (Kurd-Akad) e.V. has awarded an honorary prize for special scientific contributions and outstanding civil society engagement.<\/strong><\/p>\n\n\n\n<p>&#8230;<\/p>\n\n\n\n<blockquote class=\"wp-block-quote is-layout-flow wp-block-quote-is-layout-flow\">\n<p><strong><a href=\"https:\/\/kurd-akad.com\/?p=127\">2017 Prof. Dr. Noam Chomsky &amp; Prof. Dr. Celile Celil<\/a><\/strong><\/p>\n<\/blockquote>\n\n\n\n<div class=\"wp-block-columns is-layout-flex wp-container-core-columns-is-layout-9d6595d7 wp-block-columns-is-layout-flex\">\n<div class=\"wp-block-column is-layout-flow wp-block-column-is-layout-flow\"><\/div>\n\n\n\n<div class=\"wp-block-column is-layout-flow wp-block-column-is-layout-flow\"><\/div>\n<\/div>\n\n\n\n<blockquote class=\"wp-block-quote is-layout-flow wp-block-quote-is-layout-flow\">\n<p><strong>2019 Prof. Dr. Norman Paech &amp; Prof. Dr. Hamit Bozarslan<\/strong><\/p>\n\n\n\n<div class=\"wp-block-columns is-layout-flex wp-container-core-columns-is-layout-9d6595d7 wp-block-columns-is-layout-flex\">\n<div class=\"wp-block-column is-layout-flow wp-block-column-is-layout-flow\">\n<figure class=\"wp-block-image size-large is-resized\"><img loading=\"lazy\" decoding=\"async\" width=\"553\" height=\"1024\" src=\"https:\/\/kurd-akad.com\/wp-content\/uploads\/2026\/02\/Award-Norman-Paech-553x1024.jpg\" alt=\"\" class=\"wp-image-3856\" style=\"aspect-ratio:0.5400428715004478;width:226px;height:auto\" srcset=\"https:\/\/kurd-akad.com\/wp-content\/uploads\/2026\/02\/Award-Norman-Paech-553x1024.jpg 553w, https:\/\/kurd-akad.com\/wp-content\/uploads\/2026\/02\/Award-Norman-Paech-162x300.jpg 162w, https:\/\/kurd-akad.com\/wp-content\/uploads\/2026\/02\/Award-Norman-Paech-768x1421.jpg 768w, https:\/\/kurd-akad.com\/wp-content\/uploads\/2026\/02\/Award-Norman-Paech-830x1536.jpg 830w, https:\/\/kurd-akad.com\/wp-content\/uploads\/2026\/02\/Award-Norman-Paech-1107x2048.jpg 1107w, https:\/\/kurd-akad.com\/wp-content\/uploads\/2026\/02\/Award-Norman-Paech-scaled.jpg 1383w\" sizes=\"auto, (max-width: 553px) 100vw, 553px\" \/><\/figure>\n<\/div>\n\n\n\n<div class=\"wp-block-column is-layout-flow wp-block-column-is-layout-flow\">\n<figure class=\"wp-block-image size-large is-resized\"><img loading=\"lazy\" decoding=\"async\" width=\"553\" height=\"1024\" src=\"https:\/\/kurd-akad.com\/wp-content\/uploads\/2026\/02\/Award-Hamit-Bozarslan-553x1024.jpg\" alt=\"\" class=\"wp-image-3855\" style=\"aspect-ratio:0.5400428715004478;object-fit:cover;width:226px\" srcset=\"https:\/\/kurd-akad.com\/wp-content\/uploads\/2026\/02\/Award-Hamit-Bozarslan-553x1024.jpg 553w, https:\/\/kurd-akad.com\/wp-content\/uploads\/2026\/02\/Award-Hamit-Bozarslan-162x300.jpg 162w, https:\/\/kurd-akad.com\/wp-content\/uploads\/2026\/02\/Award-Hamit-Bozarslan-768x1421.jpg 768w, https:\/\/kurd-akad.com\/wp-content\/uploads\/2026\/02\/Award-Hamit-Bozarslan-830x1536.jpg 830w, https:\/\/kurd-akad.com\/wp-content\/uploads\/2026\/02\/Award-Hamit-Bozarslan-1107x2048.jpg 1107w, https:\/\/kurd-akad.com\/wp-content\/uploads\/2026\/02\/Award-Hamit-Bozarslan-scaled.jpg 1383w\" sizes=\"auto, (max-width: 553px) 100vw, 553px\" \/><\/figure>\n<\/div>\n<\/div>\n\n\n\n<p><\/p>\n<\/blockquote>\n\n\n\n<blockquote class=\"wp-block-quote is-layout-flow wp-block-quote-is-layout-flow\">\n<p><strong>2021 Prof. Dr. Kariane Westrheim und Prof. Dr. Dr. Ian \u0130lhan K\u0131z\u0131lhan<\/strong><\/p>\n\n\n\n<div class=\"wp-block-columns is-layout-flex wp-container-core-columns-is-layout-9d6595d7 wp-block-columns-is-layout-flex\">\n<div class=\"wp-block-column is-layout-flow wp-block-column-is-layout-flow\">\n<figure class=\"wp-block-image size-large is-resized\"><img loading=\"lazy\" decoding=\"async\" width=\"553\" height=\"1024\" src=\"https:\/\/kurd-akad.com\/wp-content\/uploads\/2026\/02\/Award-Kariane-Westrheim-553x1024.jpg\" alt=\"\" class=\"wp-image-3859\" style=\"aspect-ratio:0.5400428715004478;width:226px\" srcset=\"https:\/\/kurd-akad.com\/wp-content\/uploads\/2026\/02\/Award-Kariane-Westrheim-553x1024.jpg 553w, https:\/\/kurd-akad.com\/wp-content\/uploads\/2026\/02\/Award-Kariane-Westrheim-162x300.jpg 162w, https:\/\/kurd-akad.com\/wp-content\/uploads\/2026\/02\/Award-Kariane-Westrheim-768x1421.jpg 768w, https:\/\/kurd-akad.com\/wp-content\/uploads\/2026\/02\/Award-Kariane-Westrheim-830x1536.jpg 830w, https:\/\/kurd-akad.com\/wp-content\/uploads\/2026\/02\/Award-Kariane-Westrheim-1107x2048.jpg 1107w, https:\/\/kurd-akad.com\/wp-content\/uploads\/2026\/02\/Award-Kariane-Westrheim-scaled.jpg 1383w\" sizes=\"auto, (max-width: 553px) 100vw, 553px\" \/><\/figure>\n<\/div>\n\n\n\n<div class=\"wp-block-column is-layout-flow wp-block-column-is-layout-flow\">\n<figure class=\"wp-block-image size-large is-resized\"><img loading=\"lazy\" decoding=\"async\" width=\"553\" height=\"1024\" src=\"https:\/\/kurd-akad.com\/wp-content\/uploads\/2026\/02\/Award-Ilhan-Kizilhan-553x1024.jpg\" alt=\"\" class=\"wp-image-3858\" style=\"aspect-ratio:0.5400428715004478;width:226px\" srcset=\"https:\/\/kurd-akad.com\/wp-content\/uploads\/2026\/02\/Award-Ilhan-Kizilhan-553x1024.jpg 553w, https:\/\/kurd-akad.com\/wp-content\/uploads\/2026\/02\/Award-Ilhan-Kizilhan-162x300.jpg 162w, https:\/\/kurd-akad.com\/wp-content\/uploads\/2026\/02\/Award-Ilhan-Kizilhan-768x1421.jpg 768w, https:\/\/kurd-akad.com\/wp-content\/uploads\/2026\/02\/Award-Ilhan-Kizilhan-830x1536.jpg 830w, https:\/\/kurd-akad.com\/wp-content\/uploads\/2026\/02\/Award-Ilhan-Kizilhan-1107x2048.jpg 1107w, https:\/\/kurd-akad.com\/wp-content\/uploads\/2026\/02\/Award-Ilhan-Kizilhan-scaled.jpg 1383w\" sizes=\"auto, (max-width: 553px) 100vw, 553px\" \/><\/figure>\n<\/div>\n<\/div>\n<\/blockquote>\n\n\n\n<p><strong>Solidarit\u00e4tspreis 2021  Dr. \u0130dris Baluken, ehem. HDP Abgeordneter<\/strong><\/p>\n\n\n\n<figure class=\"wp-block-image size-large is-resized\"><img loading=\"lazy\" decoding=\"async\" width=\"553\" height=\"1024\" src=\"https:\/\/kurd-akad.com\/wp-content\/uploads\/2026\/02\/Award-Idris-Baluken-553x1024.jpg\" alt=\"\" class=\"wp-image-3857\" style=\"width:226px\" srcset=\"https:\/\/kurd-akad.com\/wp-content\/uploads\/2026\/02\/Award-Idris-Baluken-553x1024.jpg 553w, https:\/\/kurd-akad.com\/wp-content\/uploads\/2026\/02\/Award-Idris-Baluken-162x300.jpg 162w, https:\/\/kurd-akad.com\/wp-content\/uploads\/2026\/02\/Award-Idris-Baluken-768x1421.jpg 768w, https:\/\/kurd-akad.com\/wp-content\/uploads\/2026\/02\/Award-Idris-Baluken-830x1536.jpg 830w, https:\/\/kurd-akad.com\/wp-content\/uploads\/2026\/02\/Award-Idris-Baluken-1107x2048.jpg 1107w, https:\/\/kurd-akad.com\/wp-content\/uploads\/2026\/02\/Award-Idris-Baluken-scaled.jpg 1383w\" sizes=\"auto, (max-width: 553px) 100vw, 553px\" \/><\/figure>\n\n\n\n<p><\/p>\n\n\n\n<p><strong>2025<\/strong> <strong>Prof. Birgit Ammann und Professor Kemal Bozay<\/strong><\/p>\n\n\n\n<div class=\"wp-block-columns is-layout-flex wp-container-core-columns-is-layout-9d6595d7 wp-block-columns-is-layout-flex\">\n<div class=\"wp-block-column is-layout-flow wp-block-column-is-layout-flow\">\n<figure class=\"wp-block-image size-large is-resized\"><img loading=\"lazy\" decoding=\"async\" width=\"553\" height=\"1024\" src=\"https:\/\/kurd-akad.com\/wp-content\/uploads\/2026\/02\/Award-Birgit-Ammann-553x1024.jpg\" alt=\"\" class=\"wp-image-3860\" style=\"aspect-ratio:0.5400428715004478;width:226px\" srcset=\"https:\/\/kurd-akad.com\/wp-content\/uploads\/2026\/02\/Award-Birgit-Ammann-553x1024.jpg 553w, https:\/\/kurd-akad.com\/wp-content\/uploads\/2026\/02\/Award-Birgit-Ammann-162x300.jpg 162w, https:\/\/kurd-akad.com\/wp-content\/uploads\/2026\/02\/Award-Birgit-Ammann-768x1421.jpg 768w, https:\/\/kurd-akad.com\/wp-content\/uploads\/2026\/02\/Award-Birgit-Ammann-830x1536.jpg 830w, https:\/\/kurd-akad.com\/wp-content\/uploads\/2026\/02\/Award-Birgit-Ammann-1107x2048.jpg 1107w, https:\/\/kurd-akad.com\/wp-content\/uploads\/2026\/02\/Award-Birgit-Ammann-scaled.jpg 1383w\" sizes=\"auto, (max-width: 553px) 100vw, 553px\" \/><\/figure>\n<\/div>\n\n\n\n<div class=\"wp-block-column is-layout-flow wp-block-column-is-layout-flow\">\n<figure class=\"wp-block-image size-large is-resized\"><img loading=\"lazy\" decoding=\"async\" width=\"553\" height=\"1024\" src=\"https:\/\/kurd-akad.com\/wp-content\/uploads\/2026\/02\/Award-Kemal-Bozay-553x1024.jpg\" alt=\"\" class=\"wp-image-3861\" style=\"aspect-ratio:0.5400428715004478;width:226px\" srcset=\"https:\/\/kurd-akad.com\/wp-content\/uploads\/2026\/02\/Award-Kemal-Bozay-553x1024.jpg 553w, https:\/\/kurd-akad.com\/wp-content\/uploads\/2026\/02\/Award-Kemal-Bozay-162x300.jpg 162w, https:\/\/kurd-akad.com\/wp-content\/uploads\/2026\/02\/Award-Kemal-Bozay-768x1421.jpg 768w, https:\/\/kurd-akad.com\/wp-content\/uploads\/2026\/02\/Award-Kemal-Bozay-830x1536.jpg 830w, https:\/\/kurd-akad.com\/wp-content\/uploads\/2026\/02\/Award-Kemal-Bozay-1107x2048.jpg 1107w, https:\/\/kurd-akad.com\/wp-content\/uploads\/2026\/02\/Award-Kemal-Bozay-scaled.jpg 1383w\" sizes=\"auto, (max-width: 553px) 100vw, 553px\" \/><\/figure>\n<\/div>\n<\/div>\n","protected":false},"excerpt":{"rendered":"<p>Since 2017, the network of Kurdish academics (Kurd-Akad) e.V. has awarded an honorary prize for special scientific contributions and outstanding civil society engagement. &#8230; 2017 Prof. Dr. Noam Chomsky &amp;<\/p>\n","protected":false},"author":1,"featured_media":0,"parent":0,"menu_order":0,"comment_status":"closed","ping_status":"closed","template":"","meta":{"footnotes":""},"class_list":{"1":"page","2":"type-page","3":"status-publish","4":"hentry"},"_links":{"self":[{"href":"https:\/\/kurd-akad.com\/index.php?rest_route=\/wp\/v2\/pages\/3871","targetHints":{"allow":["GET"]}}],"collection":[{"href":"https:\/\/kurd-akad.com\/index.php?rest_route=\/wp\/v2\/pages"}],"about":[{"href":"https:\/\/kurd-akad.com\/index.php?rest_route=\/wp\/v2\/types\/page"}],"author":[{"embeddable":true,"href":"https:\/\/kurd-akad.com\/index.php?rest_route=\/wp\/v2\/users\/1"}],"replies":[{"embeddable":true,"href":"https:\/\/kurd-akad.com\/index.php?rest_route=%2Fwp%2Fv2%2Fcomments&post=3871"}],"version-history":[{"count":1,"href":"https:\/\/kurd-akad.com\/index.php?rest_route=\/wp\/v2\/pages\/3871\/revisions"}],"predecessor-version":[{"id":3872,"href":"https:\/\/kurd-akad.com\/index.php?rest_route=\/wp\/v2\/pages\/3871\/revisions\/3872"}],"wp:attachment":[{"href":"https:\/\/kurd-akad.com\/index.php?rest_route=%2Fwp%2Fv2%2Fmedia&parent=3871"}],"curies":[{"name":"wp","href":"https:\/\/api.w.org\/{rel}","templated":true}]}}