{"id":391,"date":"2021-03-07T23:49:34","date_gmt":"2021-03-07T22:49:34","guid":{"rendered":"http:\/\/localhost\/wordpress562\/?page_id=391"},"modified":"2021-03-22T01:17:44","modified_gmt":"2021-03-22T00:17:44","slug":"download","status":"publish","type":"page","link":"https:\/\/kurd-akad.com\/?page_id=391","title":{"rendered":"Download"},"content":{"rendered":"\n<div class=\"wp-block-columns is-layout-flex wp-container-core-columns-is-layout-9d6595d7 wp-block-columns-is-layout-flex\">\n<div class=\"wp-block-column is-layout-flow wp-block-column-is-layout-flow\" style=\"flex-basis:100%\"><\/div>\n<\/div>\n\n\n\n<p> Dokumentationen, Plakaten, Flyer und Logos finden Sie hier:<\/p>\n\n\n\n<p>You find our documents, flyer and logos here:<\/p>\n\n\n\n<p>H\u00fbn dikarin dokumentasyon\u00ean, flyer \u00fb logo y\u00ean me li vir bib\u00eenen: <\/p>\n\n\n\n<figure class=\"wp-block-gallery columns-1 wp-block-gallery-1 is-layout-flex wp-block-gallery-is-layout-flex\"><ul class=\"blocks-gallery-grid\"><li class=\"blocks-gallery-item\"><figure><img loading=\"lazy\" decoding=\"async\" width=\"48\" height=\"48\" src=\"https:\/\/kurd-akad.com\/wp-content\/uploads\/2021\/03\/arrow_blue.png\" alt=\"\" data-id=\"392\" data-full-url=\"https:\/\/kurd-akad.com\/wp-content\/uploads\/2021\/03\/arrow_blue.png\" data-link=\"https:\/\/kurd-akad.com\/?attachment_id=392\" class=\"wp-image-392\"\/><\/figure><\/li><\/ul><\/figure>\n\n\n<p>[download-from-tree target=&#8220;images&#8220;]<\/p>\n","protected":false},"excerpt":{"rendered":"<p>Dokumentationen, Plakaten, Flyer und Logos finden Sie hier: You find our documents, flyer and logos here: H\u00fbn dikarin dokumentasyon\u00ean, flyer \u00fb logo y\u00ean me li vir bib\u00eenen:<\/p>\n","protected":false},"author":1,"featured_media":392,"parent":0,"menu_order":0,"comment_status":"closed","ping_status":"closed","template":"","meta":{"footnotes":""},"class_list":{"0":"post-391","1":"page","2":"type-page","3":"status-publish","5":"hentry"},"_links":{"self":[{"href":"https:\/\/kurd-akad.com\/index.php?rest_route=\/wp\/v2\/pages\/391","targetHints":{"allow":["GET"]}}],"collection":[{"href":"https:\/\/kurd-akad.com\/index.php?rest_route=\/wp\/v2\/pages"}],"about":[{"href":"https:\/\/kurd-akad.com\/index.php?rest_route=\/wp\/v2\/types\/page"}],"author":[{"embeddable":true,"href":"https:\/\/kurd-akad.com\/index.php?rest_route=\/wp\/v2\/users\/1"}],"replies":[{"embeddable":true,"href":"https:\/\/kurd-akad.com\/index.php?rest_route=%2Fwp%2Fv2%2Fcomments&post=391"}],"version-history":[{"count":0,"href":"https:\/\/kurd-akad.com\/index.php?rest_route=\/wp\/v2\/pages\/391\/revisions"}],"wp:featuredmedia":[{"embeddable":true,"href":"https:\/\/kurd-akad.com\/index.php?rest_route=\/wp\/v2\/media\/392"}],"wp:attachment":[{"href":"https:\/\/kurd-akad.com\/index.php?rest_route=%2Fwp%2Fv2%2Fmedia&parent=391"}],"curies":[{"name":"wp","href":"https:\/\/api.w.org\/{rel}","templated":true}]}}