{"id":782,"date":"2021-03-13T13:53:55","date_gmt":"2021-03-13T12:53:55","guid":{"rendered":"http:\/\/localhost\/wordpress562\/?page_id=782"},"modified":"2021-03-20T19:44:16","modified_gmt":"2021-03-20T18:44:16","slug":"scientific-advisory-board","status":"publish","type":"page","link":"https:\/\/kurd-akad.com\/?page_id=782","title":{"rendered":"Scientific Advisory Board"},"content":{"rendered":"\n<p><strong>Curriculum Vitae<\/strong><\/p>\n\n\n\n<p><strong>&#8211; Prof. Dr. Kariane Westrheim (Educational Scientist, Bergen \/ NO)<\/strong><br><strong>&#8211; Prof. Dr. Mithat Sancar (Lawyer, Ankara \/ TR)<\/strong><br><strong>&#8211; PD Dr. \u015eefik Tagay (Psychologist, Essen \/ D)<\/strong><br><strong>&#8211; Dr. Nikolas Brauns (Historian, Berlin \/ D)<\/strong><br><strong>&#8211; Dr. Luqman Turgut (Kurdologist, Frankfurt a.M. \/ D)<\/strong><br>&#8230;,&#8230;<\/p>\n\n\n\n<p><strong>&#8211; Prof. Dr. Kariane Westrheim<\/strong><\/p>\n\n\n\n<p>Academic education:<br>Educational Sciences<br>Work and professional experience (i.a.)<br>Professor of Educational Sciences at the University of Bergen<br>Focus on inssues of multiculturalism, knowledge construction within political movements, education in areas of war and conflict<br>Publications (i.a.)<br>\u201cTaking to the Streets! Kurdish collective actions in Turkey\u201c<br>\u201cChoosing Mountains: The PKK as alternative knowledge and identity project\u201d<br>\u201cPrison as site for Political Education: Educational experiences from prison narrated by members and sympathizers of the PKK\u201d<br>Voluntary commitment<br>Chairwomen of the EU Turkey Civic Commission (EUTCC)<br>Participant of several delegations monitoring Turkey\u00b4s compliance with EU accession criteria<br>Visit of Rojava \u2013 North Syria in 2015 as part of a fieldwork<\/p>\n\n\n\n<p>&#8230;,&#8230;<\/p>\n\n\n\n<p><strong>&#8211; Prof. Dr. Mithat Sancar<\/strong><\/p>\n\n\n\n<p>Academic education<br>Graduate in law, University of Ankara<br>Master in law, University of Ankara<br>Doctoral degree in law at University of Ankara on the topic \u201eCommentary of Fundamental Rights\u201c<br>Habilitation at Departement of Law, University of Ankaraon the topic \u201eConstitutional State\u201c<br>Work and professional experience (i.a.)<br>Professorship at law faculty of Ankara University&nbsp;<br>Columnist for weekly magazine Birikim<br>Columnist for daily newspaper Birg\u00fcn<br>Columnist for newspaper Taraf<br>Presenter of TV programme \u201eAray\u0131\u015f\u201c imc tv<br>Member of \u201cCommitte of Wise Men\u201d apointet by AKP-Government for a solution to Kurdish question and establishing a peace process in Turkey<br>Since 2015 Member of Turkish Grand National Assambly for Peoples\u00b4 Democratic Party HDP<br>Publications (i.a.)<br>Ge\u00e7mi\u015fle Hesapla\u015fma, Unutma K\u00fclt\u00fcr\u00fcnden Hat\u0131rlama K\u00fclt\u00fcr\u00fcne (Auseinandersetzung mit der Vergangenheit, Von der Kultur des Vergessens zur Kultur des Erinnerns) 2014<\/p>\n\n\n\n<p>\u015eehrin Zulas\u0131, Ankara Kalesi (Das Versteck der Stadt, die Festung von Ankara)<br>&#8222;Devlet Akl\u0131&#8220; K\u0131skac\u0131nda Hukuk Devleti (Rechtsstaat in der Zange der<br>&#8222;Staatsraison&#8220;)<\/p>\n\n\n\n<p>He translated the work of J\u00fcrgen Habermas \u201echange of public\u201c with Tan\u0131l Bora into Turkish (Titel: Kamusall\u0131\u011f\u0131n Yap\u0131sal D\u00f6n\u00fc\u015f\u00fcm\u00fc)<br>&#8230;,&#8230;<\/p>\n\n\n\n<p><strong>&#8211; PD Dr. Dipl.-Psych. \u015eefik Tagay<\/strong><\/p>\n\n\n\n<p>Academic education<br>Graduate in psychology at Bochum University<br>Doctoral degree at University of Duisburg-Essen<br>Habilitation (venia legendi) in psychotherapist<br>Work and professional experience (i.a.)<br>\u015eefik Tagay is psychologist, scientist and psychotherapist http:\/\/www.tagay.net\/sefik-tagay\/<br>He is research director at LVR-clinic Essen, research on psych traumatology, migration and health, psych oncology, eating disorder, resources and psychotherapy https:\/\/www.uni-due.de\/rke-pp\/Tagay.shtml<br>Awards and distinctions<br>2004: poster award of German Society for sickness of digesting system and metabolic disorder (DGVS)<br>2010: Advancement award of German Society for psych traumatology (DeGPT)<br>Publications (i.a.)<br>mit S. Ortac: Die Eziden und das Ezidentum &#8211; Geschichte und Gegenwart einer vom Untergang bedrohten Religion, Landeszentrale f\u00fcr politische Bildung Hamburg, 2016.<br>mit E. Schlottbohm, M. Lindner: Posttraumatische Belastungsst\u00f6rung., Kohlhammer, 2016.<br>mit W. Senf: Essener Traum-Inventar. (ETI), Hogrefe, 2014.<br>mit S. D\u00fcllmann, N. Repic, E. Schlottbohm, F. F\u00fcnfgeld und W. Senf: Das Essener Ressourcen-Inventar (ERI) \u2013 Entwicklung und Validierung. In: Trauma \u2013 Zeitschrift f\u00fcr Psychotraumatologie und ihre Anwendungen. 12(1), 2014, S. 72\u201387.<br>mit N. Repic und W. Senf: Diagnostik von Traumafolgest\u00f6rungen bei Erwachsenen sowie bei Kindern und Jugendlichen mittels Frageb\u00f6gen. In: Psychotherapeut. 58, 2013, S. 44\u201355.<br>mit N. Repic, S. D\u00fcllman, S. Schlottbohm, E. Hermans, R. Hiller, M. Holtmann, D. Frosch und W. Senf: Traumatische Ereignisse, psychische Belastung und Pr\u00e4diktoren der PTBS-Symptomatik bei Kindern und Jugendlichen. In: Kindheit und Entwicklung. 22, 2013, S. 70\u201379.<br>mit S. D\u00fcllmann, E. Hermans, R. Hiller, N. Repic und W. Senf: Das Essener Trauma-Inventar f\u00fcr Kinder und Jugendliche (ETI-KJ). In: Zeitschrift f\u00fcr Kinder- und Jugendpsychiatrie und Psychotherapie. 61, 2011, S. 319\u2013327.<br>mit S. Schlegl und W. Senf: Validierung der deutschen \u00dcbersetzung des Eating Disorders Quality of Life (EDQOL). In: Psychotherapie, Psychosomatik,Medizinische Psychologie. 61, 2011, S. 16\u201324.<br>mit S. D\u00fcllmann, S. Schlegl, R. Nater-Mewes, N. Repic, Ch. Hampke, E. Br\u00e4hler, G. Gerlach und W. Senf: Effekte station\u00e4rer Psychotherapie auf Essst\u00f6rungssymptomatik, gesundheitsbezogene Lebensqualit\u00e4t und personale Ressourcen bei Anorexia und Bulimia nervosa. In: Psychotherapie, Psychosomatik, Medizinische Psychologie. 61, 2011, S. 319\u2013327.<br>mit A. Kribben, A. Hohenstein, R. Mewes und W. Senf: Posttraumatic stress disorder in hemodialysis patients. In: American Journal of Kidney Diseases. 50, 2007, S. 594\u2013601.<br>mit Y. Erim, B. Stoelk, A. M\u00f6llering, R. Mewes und W. Senf: Das Essener Trauma-Inventar (ETI) &#8211; Ein Screeninginstrument zur Identifikation traumatischer Ereignisse und posttraumatischer St\u00f6rungen. In: Zeitschrift f\u00fcr Psychotraumatologie, Psychotherapiewissenschaft, Psychologische Medizin. 1, 2007, S. 75\u201389.<br>Voluntary commitment<br>Chair of Society of Ezidi Academics&nbsp; (GEA)<br>http:\/\/www.gea-ev.net&nbsp;<br>&#8230;,&#8230;<\/p>\n\n\n\n<p><strong>&#8211; Dr. Nikolaus Brauns<\/strong><\/p>\n\n\n\n<p>Academic education<br>New and old history, modern German literature, book studies in Munich<br>Doctoral degree in new history about red help Germany<br>Work and professional experience (i.a.)<br>Research associate of Ulla Jelpke, spokeswomen on domestic affairs of Left Party in Berlin (since 2007).<br>Correspondent for newspapers junge Welt and Neues Deutschland. (since 1997).<br>Freeland author specializing in Turkey\/Kurdistan, History of labour movement as well as domestic issues (since 2006).<br>Publications (i.a.)<br>Nikolaus Brauns \/ Brigitte Kiechle: PKK \u2013 Perspectives of Kurdish Liberation Movement: Between self-determination, EU and Islam, Stuttgart 2010.<br>Middle East &#8211; War, Occupation, Resistance (Ed: Nikolaus Brauns und Dimitri Tsalos), Bonn 2007.<br>Kurds in Syria and the self-administration of Rojava, in: Fritz Edlinger \/ Tyma Kraitt (Ed.): Syria &#8211; a country at war &#8211; Background, Analyses, Reports, Vienna 2015.<br>Kurds in Iraq \u2013 From civil war via authonomy to independence, in: Tyma Kraitt (Ed.): Iraq \u2013 State fragmented &#8211; Background, Analyses, Reports, Vienna<br>Voluntary commitment<br>Chair of Hans-Litten-Archive \u2013 Association for formation and funding of an archive of workers and social movements solidarity organizations (Red-Help-Archive)<br>Work in Kurdistan solidarity committee Berlin and regular study trips to Middle East<br>&#8230;,&#8230;<\/p>\n\n\n\n<p><strong>&#8211; Dr. Lokman Turgut<\/strong><\/p>\n\n\n\n<p>Academic education<br>Arabian and Iranian Studies at Georg-August-University in G\u00f6ttingen (1998-2000)<br>Master (M.A.) in Kurdish Studies at INALCO- Institut national des langues et civilisations orintales in Paris (2000-2002)<br>Doctoral degree in Iranian Studies (Superviser: Prof. Kreyenbroek) at Georg-August-University in G\u00f6ttingen (2009)<br>Work and professional experience (i.a.)<br>Lectureship for Kurdish language at Georg-August-University in G\u00f6ttingen (2002 \u20132004)<br>Management of a transliteration project of IKMG GmbH (Independent Kurdish Media Group) in Berlin (2011-2012)<br>Research assignment at Mustafa Barzani Post for Kurdish studies at University of Erfurt (2012 \u2013 2014)<br>Research assignment for Kurdish language at Institute of Oriental Studies University of Bamberg (2013)<br>Research assignment at University of Salzburg with the topic of \u201eKurdish politics in Turkey and Syria\u201c (2015)<br>Publications (i.a.)<br>&#8222;Mexm\u00fbr: Gelo ya li ser t\u00ea nihurandin netewe ye?&#8220; (Mexm\u00fbr: Is it the Nation, which is sung), in Le Monde Diplomatique (Kurdish edition), K\u00f6ln 2010, 15-17.<br>Oral literature of Kurds in Botan and Hekari region, Berlin 2011&nbsp;<br>&#8222;Memory and Social Structures in Kurdish Society&#8220;. In: Remembering the Past in Iranian Societies, edited by Christine Allison and Philip G. Kreyenbroek, Harrassowitz Publisher, Wiesbaden 2013, p. 47\u201357.<br>Ancient Rites and old Religions in Kurdistan, in: Studia Kurdica, Nr.1, Erfurt 2013<br>&#8222;An Inside View of the Kurdish Alevis: D\u00eewana Heq of Pir Ali Bali&#8220;, in Omarkhali, Khanna (ed.), Religious Minorities in Kurdistan: Beyond the Mainstream. Series: Studies in Oriental Religions, vol. 68. Harrassowitz, Wiesbaden 2014, pp. 159\u2013172.<br>&#8222;PKK between different revolutionary strategies\u201c, in K\u00fcpeli, Ismail (ed.), Fight for Kobane, 2015<br>Voluntary commitment<br>Member of Kurd-Akad. Network of Kurdish Professionals (registered Assoziation) and member of the editorial board of Gerd\u00fbn<br>Member of ASPS- The Association for the Study of Persianate Societies<\/p>\n","protected":false},"excerpt":{"rendered":"<p>Curriculum Vitae &#8211; Prof. Dr. Kariane Westrheim (Educational Scientist, Bergen \/ NO)&#8211; Prof. Dr. Mithat Sancar (Lawyer, Ankara \/ TR)&#8211; PD Dr. \u015eefik Tagay (Psychologist, Essen \/ D)&#8211; Dr. Nikolas<\/p>\n","protected":false},"author":1,"featured_media":0,"parent":0,"menu_order":0,"comment_status":"closed","ping_status":"closed","template":"","meta":{"footnotes":""},"class_list":{"1":"page","2":"type-page","3":"status-publish","4":"hentry"},"_links":{"self":[{"href":"https:\/\/kurd-akad.com\/index.php?rest_route=\/wp\/v2\/pages\/782","targetHints":{"allow":["GET"]}}],"collection":[{"href":"https:\/\/kurd-akad.com\/index.php?rest_route=\/wp\/v2\/pages"}],"about":[{"href":"https:\/\/kurd-akad.com\/index.php?rest_route=\/wp\/v2\/types\/page"}],"author":[{"embeddable":true,"href":"https:\/\/kurd-akad.com\/index.php?rest_route=\/wp\/v2\/users\/1"}],"replies":[{"embeddable":true,"href":"https:\/\/kurd-akad.com\/index.php?rest_route=%2Fwp%2Fv2%2Fcomments&post=782"}],"version-history":[{"count":0,"href":"https:\/\/kurd-akad.com\/index.php?rest_route=\/wp\/v2\/pages\/782\/revisions"}],"wp:attachment":[{"href":"https:\/\/kurd-akad.com\/index.php?rest_route=%2Fwp%2Fv2%2Fmedia&parent=782"}],"curies":[{"name":"wp","href":"https:\/\/api.w.org\/{rel}","templated":true}]}}