{"id":785,"date":"2021-03-13T15:50:53","date_gmt":"2021-03-13T14:50:53","guid":{"rendered":"http:\/\/localhost\/wordpress562\/?page_id=785"},"modified":"2021-03-13T15:50:55","modified_gmt":"2021-03-13T14:50:55","slug":"impressum","status":"publish","type":"page","link":"https:\/\/kurd-akad.com\/?page_id=785","title":{"rendered":"Impressum"},"content":{"rendered":"\n<h4 class=\"wp-block-heading\"><strong>Kurd-Akad. Netzwerk kurdischer AkademikerInnen e. V.<\/strong><\/h4>\n\n\n\n<p>Anschrift \/ Adress \/ Navn\u00ee\u015fan<\/p>\n\n\n\n<p>Postfach 102801<br>44028 Dortmund<\/p>\n\n\n\n<p>Email:info@kurd-akad.com<\/p>\n\n\n\n<p>www.kurd-akad.com<\/p>\n\n\n\n<figure class=\"wp-block-table\"><table><tbody><tr><td><br><strong>Rechtliche Angaben<\/strong> Wir \u00fcbernehmen keine Haftung f\u00fcr die Inhalte externer Links. F\u00fcr den Inhalt der verlinkten Seiten sind ausschlie\u00dflich deren Betreiber verantwortlich.<br><br><strong>We are not responsible for the content of external links. For the content of linked pages are their operators only responseble.<\/strong><br><br>Ji bo naverok\u00ean xet\u00ean-link xer\u00eeb\u00ee ne em le xud\u00ea y\u00ean van xetan berpirs\u00eeyar in.<\/td><\/tr><\/tbody><\/table><\/figure>\n","protected":false},"excerpt":{"rendered":"<p>Kurd-Akad. Netzwerk kurdischer AkademikerInnen e. V. Anschrift \/ Adress \/ Navn\u00ee\u015fan Postfach 10280144028 Dortmund Email:info@kurd-akad.com www.kurd-akad.com Rechtliche Angaben Wir \u00fcbernehmen keine Haftung f\u00fcr die Inhalte externer Links. F\u00fcr den Inhalt<\/p>\n","protected":false},"author":1,"featured_media":0,"parent":0,"menu_order":0,"comment_status":"closed","ping_status":"closed","template":"","meta":{"footnotes":""},"class_list":{"1":"page","2":"type-page","3":"status-publish","4":"hentry"},"_links":{"self":[{"href":"https:\/\/kurd-akad.com\/index.php?rest_route=\/wp\/v2\/pages\/785","targetHints":{"allow":["GET"]}}],"collection":[{"href":"https:\/\/kurd-akad.com\/index.php?rest_route=\/wp\/v2\/pages"}],"about":[{"href":"https:\/\/kurd-akad.com\/index.php?rest_route=\/wp\/v2\/types\/page"}],"author":[{"embeddable":true,"href":"https:\/\/kurd-akad.com\/index.php?rest_route=\/wp\/v2\/users\/1"}],"replies":[{"embeddable":true,"href":"https:\/\/kurd-akad.com\/index.php?rest_route=%2Fwp%2Fv2%2Fcomments&post=785"}],"version-history":[{"count":0,"href":"https:\/\/kurd-akad.com\/index.php?rest_route=\/wp\/v2\/pages\/785\/revisions"}],"wp:attachment":[{"href":"https:\/\/kurd-akad.com\/index.php?rest_route=%2Fwp%2Fv2%2Fmedia&parent=785"}],"curies":[{"name":"wp","href":"https:\/\/api.w.org\/{rel}","templated":true}]}}