{"id":812,"date":"2021-03-13T15:41:41","date_gmt":"2021-03-13T14:41:41","guid":{"rendered":"http:\/\/localhost\/wordpress562\/?page_id=812"},"modified":"2021-03-20T19:44:03","modified_gmt":"2021-03-20T18:44:03","slug":"rehberi","status":"publish","type":"page","link":"https:\/\/kurd-akad.com\/?page_id=812","title":{"rendered":"Rehber\u00ee"},"content":{"rendered":"\n<p><strong>Rehber\u00ee<\/strong><\/p>\n\n\n\n<p>Wek\u00ee Tora Akadem\u00eesyen\u00ean Kurd tev\u00ee endam\u00ean xwe y\u00ean ji gelek be\u015f\u00ean p\u00ee\u015fey\u00ee tev\u00ee tecr\u00fbbe \u00fb ezm\u00fbn\u00ean p\u00ee\u015fey\u00ee, em ji xwe re wez\u00eefe dizanin ku weke r\u00eaber destek\u00ea bidin xwendekar \u00fb perwendey\u00ean n\u00fb y\u00ean zan\u00eengehan ji bo destp\u00eaka p\u00ee\u015fey\u00ea ku dixwazin bikin. Nexasim j\u00ee di be\u015f\u00ean m\u00eena tib, hiq\u00fbq, mamostet\u00ee, zanist\u00ean civak\u00ee, pedagoj\u00ee, zanist\u00ean siyas\u00ee, endezyariya mek\u00eeneyan, elektrotekn\u00eek \u00fb \u00eenformat\u00eek (bername\u00e7\u00eakeriya komp\u00fbteran) em hez dikin weke kes\u00ean fikrd\u00ear \u00fb r\u00ean\u00ee\u015fand\u00ear bi erka xwe rabin.<\/p>\n\n\n\n<p>Em hem\u00fb akadem\u00eesyenan vedixw\u00eenin ku wek\u00ea r\u00eaberan (mentoran) angaje bibin.<\/p>\n","protected":false},"excerpt":{"rendered":"<p>Rehber\u00ee Wek\u00ee Tora Akadem\u00eesyen\u00ean Kurd tev\u00ee endam\u00ean xwe y\u00ean ji gelek be\u015f\u00ean p\u00ee\u015fey\u00ee tev\u00ee tecr\u00fbbe \u00fb ezm\u00fbn\u00ean p\u00ee\u015fey\u00ee, em ji xwe re wez\u00eefe dizanin ku weke r\u00eaber destek\u00ea bidin xwendekar<\/p>\n","protected":false},"author":1,"featured_media":0,"parent":0,"menu_order":0,"comment_status":"closed","ping_status":"closed","template":"","meta":{"footnotes":""},"class_list":{"1":"page","2":"type-page","3":"status-publish","4":"hentry"},"_links":{"self":[{"href":"https:\/\/kurd-akad.com\/index.php?rest_route=\/wp\/v2\/pages\/812","targetHints":{"allow":["GET"]}}],"collection":[{"href":"https:\/\/kurd-akad.com\/index.php?rest_route=\/wp\/v2\/pages"}],"about":[{"href":"https:\/\/kurd-akad.com\/index.php?rest_route=\/wp\/v2\/types\/page"}],"author":[{"embeddable":true,"href":"https:\/\/kurd-akad.com\/index.php?rest_route=\/wp\/v2\/users\/1"}],"replies":[{"embeddable":true,"href":"https:\/\/kurd-akad.com\/index.php?rest_route=%2Fwp%2Fv2%2Fcomments&post=812"}],"version-history":[{"count":0,"href":"https:\/\/kurd-akad.com\/index.php?rest_route=\/wp\/v2\/pages\/812\/revisions"}],"wp:attachment":[{"href":"https:\/\/kurd-akad.com\/index.php?rest_route=%2Fwp%2Fv2%2Fmedia&parent=812"}],"curies":[{"name":"wp","href":"https:\/\/api.w.org\/{rel}","templated":true}]}}